{"id":39,"date":"2021-11-07T17:18:17","date_gmt":"2021-11-07T16:18:17","guid":{"rendered":"https:\/\/corneille.carbone-astucieux.fr\/?page_id=39"},"modified":"2022-09-25T08:18:04","modified_gmt":"2022-09-25T06:18:04","slug":"tarifs","status":"publish","type":"page","link":"https:\/\/lacorneilleetlhermine.com\/index.php\/tarifs\/","title":{"rendered":"Tarifs"},"content":{"rendered":"\n<p>50 euros la s\u00e9ance d&rsquo;une heure<\/p>\n\n\n\n<p>70 euros la s\u00e9ance d&rsquo;une heure et demi<\/p>\n\n\n\n<p><\/p>\n\n\n\n<p>Cartes cadeau disponibles<\/p>\n\n\n\n<p>Ch\u00e8que ou esp\u00e8ce uniquement<\/p>\n","protected":false},"excerpt":{"rendered":"<p>50 euros la s\u00e9ance d&rsquo;une heure 70 euros la s\u00e9ance d&rsquo;une heure et demi Cartes cadeau disponibles Ch\u00e8que ou esp\u00e8ce uniquement<\/p>\n","protected":false},"author":1,"featured_media":135,"parent":0,"menu_order":0,"comment_status":"closed","ping_status":"closed","template":"","meta":{"neve_meta_sidebar":"","neve_meta_container":"","neve_meta_enable_content_width":"","neve_meta_content_width":0,"neve_meta_title_alignment":"","neve_meta_author_avatar":"","neve_post_elements_order":"","neve_meta_disable_header":"","neve_meta_disable_footer":"","neve_meta_disable_title":""},"_links":{"self":[{"href":"https:\/\/lacorneilleetlhermine.com\/index.php\/wp-json\/wp\/v2\/pages\/39"}],"collection":[{"href":"https:\/\/lacorneilleetlhermine.com\/index.php\/wp-json\/wp\/v2\/pages"}],"about":[{"href":"https:\/\/lacorneilleetlhermine.com\/index.php\/wp-json\/wp\/v2\/types\/page"}],"author":[{"embeddable":true,"href":"https:\/\/lacorneilleetlhermine.com\/index.php\/wp-json\/wp\/v2\/users\/1"}],"replies":[{"embeddable":true,"href":"https:\/\/lacorneilleetlhermine.com\/index.php\/wp-json\/wp\/v2\/comments?post=39"}],"version-history":[{"count":2,"href":"https:\/\/lacorneilleetlhermine.com\/index.php\/wp-json\/wp\/v2\/pages\/39\/revisions"}],"predecessor-version":[{"id":171,"href":"https:\/\/lacorneilleetlhermine.com\/index.php\/wp-json\/wp\/v2\/pages\/39\/revisions\/171"}],"wp:featuredmedia":[{"embeddable":true,"href":"https:\/\/lacorneilleetlhermine.com\/index.php\/wp-json\/wp\/v2\/media\/135"}],"wp:attachment":[{"href":"https:\/\/lacorneilleetlhermine.com\/index.php\/wp-json\/wp\/v2\/media?parent=39"}],"curies":[{"name":"wp","href":"https:\/\/api.w.org\/{rel}","templated":true}]}}