{"id":22,"date":"2021-11-07T17:11:41","date_gmt":"2021-11-07T16:11:41","guid":{"rendered":"https:\/\/corneille.carbone-astucieux.fr\/?page_id=22"},"modified":"2021-11-14T15:19:40","modified_gmt":"2021-11-14T14:19:40","slug":"qui-suis-je","status":"publish","type":"page","link":"https:\/\/lacorneilleetlhermine.com\/index.php\/qui-suis-je\/","title":{"rendered":"Qui suis-je ?"},"content":{"rendered":"\n<p>Amoureuse de la vie, de sa justesse et de sa richesse d\u2019expression, j\u2019aime observer les \u00eatres et leurs cheminements, \u00e9changer, nourrir mon corps de sensations et prendre le temps.<\/p>\n\n\n\n<p>En constant mouvement, chaque \u00e9v\u00e9nement de la vie est l\u2019occasion d\u2019en apprendre plus sur moi et sur l\u2019autre, de faire l\u2019exp\u00e9rience de l\u2019amour et de la joie et d\u2019\u00eatre \u00e0 l\u2019\u00e9coute de mes blessures et de mes peurs.<\/p>\n\n\n\n<p>Anim\u00e9e par cette soif de vibrations, je tente de traverser la vie avec honn\u00eatet\u00e9, simplicit\u00e9 et douceur.<\/p>\n","protected":false},"excerpt":{"rendered":"<p>Amoureuse de la vie, de sa justesse et de sa richesse d\u2019expression, j\u2019aime observer les \u00eatres et leurs cheminements, \u00e9changer, nourrir mon corps de sensations et prendre le temps. En constant mouvement, chaque \u00e9v\u00e9nement de la vie est l\u2019occasion d\u2019en apprendre plus sur moi et sur l\u2019autre, de faire l\u2019exp\u00e9rience de l\u2019amour et de la&hellip;&nbsp;<a href=\"https:\/\/lacorneilleetlhermine.com\/index.php\/qui-suis-je\/\" class=\"\" rel=\"bookmark\">Lire la suite &raquo;<span class=\"screen-reader-text\">Qui suis-je ?<\/span><\/a><\/p>\n","protected":false},"author":1,"featured_media":152,"parent":0,"menu_order":0,"comment_status":"closed","ping_status":"closed","template":"","meta":{"neve_meta_sidebar":"","neve_meta_container":"","neve_meta_enable_content_width":"","neve_meta_content_width":0,"neve_meta_title_alignment":"","neve_meta_author_avatar":"","neve_post_elements_order":"","neve_meta_disable_header":"","neve_meta_disable_footer":"","neve_meta_disable_title":""},"_links":{"self":[{"href":"https:\/\/lacorneilleetlhermine.com\/index.php\/wp-json\/wp\/v2\/pages\/22"}],"collection":[{"href":"https:\/\/lacorneilleetlhermine.com\/index.php\/wp-json\/wp\/v2\/pages"}],"about":[{"href":"https:\/\/lacorneilleetlhermine.com\/index.php\/wp-json\/wp\/v2\/types\/page"}],"author":[{"embeddable":true,"href":"https:\/\/lacorneilleetlhermine.com\/index.php\/wp-json\/wp\/v2\/users\/1"}],"replies":[{"embeddable":true,"href":"https:\/\/lacorneilleetlhermine.com\/index.php\/wp-json\/wp\/v2\/comments?post=22"}],"version-history":[{"count":1,"href":"https:\/\/lacorneilleetlhermine.com\/index.php\/wp-json\/wp\/v2\/pages\/22\/revisions"}],"predecessor-version":[{"id":23,"href":"https:\/\/lacorneilleetlhermine.com\/index.php\/wp-json\/wp\/v2\/pages\/22\/revisions\/23"}],"wp:featuredmedia":[{"embeddable":true,"href":"https:\/\/lacorneilleetlhermine.com\/index.php\/wp-json\/wp\/v2\/media\/152"}],"wp:attachment":[{"href":"https:\/\/lacorneilleetlhermine.com\/index.php\/wp-json\/wp\/v2\/media?parent=22"}],"curies":[{"name":"wp","href":"https:\/\/api.w.org\/{rel}","templated":true}]}}