{"id":20,"date":"2021-11-07T17:11:30","date_gmt":"2021-11-07T16:11:30","guid":{"rendered":"https:\/\/corneille.carbone-astucieux.fr\/?page_id=20"},"modified":"2021-11-14T15:21:04","modified_gmt":"2021-11-14T14:21:04","slug":"deroulement-dune-seance","status":"publish","type":"page","link":"https:\/\/lacorneilleetlhermine.com\/index.php\/deroulement-dune-seance\/","title":{"rendered":"D\u00e9roulement d&rsquo;une s\u00e9ance"},"content":{"rendered":"\n<p>C&rsquo;est \u00e0 mon domicile que je vous accueillerai, dans un espace clos et tamis\u00e9.<\/p>\n\n\n\n<p>Avant chaque massage, un temps de discussion nous permettra de faire connaissance , d\u2019\u00e9changer sur vos sensations et votre \u00e9tat d\u2019esprit du moment.<\/p>\n\n\n\n<p>Ce qui sera \u00e9voqu\u00e9 restera confidentiel et je souhaite cet \u00e9change bienveillant et sans jugement.<\/p>\n\n\n\n<p>Les massages que je pratique ont pour objectif une d\u00e9tente musculaire et \u00e9motionnelle. Chaque soin est personnalis\u00e9, les techniques diff\u00e9rentes selon les besoins (effleurage, tapotement, p\u00e9trissage, \u00e9tirement, pression, friction\u2026). Je veille alors \u00e0 ajuster l&rsquo;intensit\u00e9, le rythme des mouvements et peux m&rsquo;attarder sur certaines zones en fonction des tensions pr\u00e9sentes.<\/p>\n\n\n\n<p>Dans certains cas, si je ressens que ce n\u2019est pas \u00e0 moi d\u2019intervenir, je peux choisir de ne pas vous masser et \u00e9ventuellement vous orienter vers un th\u00e9rapeute adapt\u00e9.<\/p>\n","protected":false},"excerpt":{"rendered":"<p>C&rsquo;est \u00e0 mon domicile que je vous accueillerai, dans un espace clos et tamis\u00e9. Avant chaque massage, un temps de discussion nous permettra de faire connaissance , d\u2019\u00e9changer sur vos sensations et votre \u00e9tat d\u2019esprit du moment. Ce qui sera \u00e9voqu\u00e9 restera confidentiel et je souhaite cet \u00e9change bienveillant et sans jugement. Les massages que&hellip;&nbsp;<a href=\"https:\/\/lacorneilleetlhermine.com\/index.php\/deroulement-dune-seance\/\" class=\"\" rel=\"bookmark\">Lire la suite &raquo;<span class=\"screen-reader-text\">D\u00e9roulement d&rsquo;une s\u00e9ance<\/span><\/a><\/p>\n","protected":false},"author":1,"featured_media":135,"parent":0,"menu_order":0,"comment_status":"closed","ping_status":"closed","template":"","meta":{"neve_meta_sidebar":"","neve_meta_container":"","neve_meta_enable_content_width":"","neve_meta_content_width":0,"neve_meta_title_alignment":"","neve_meta_author_avatar":"","neve_post_elements_order":"","neve_meta_disable_header":"","neve_meta_disable_footer":"","neve_meta_disable_title":""},"_links":{"self":[{"href":"https:\/\/lacorneilleetlhermine.com\/index.php\/wp-json\/wp\/v2\/pages\/20"}],"collection":[{"href":"https:\/\/lacorneilleetlhermine.com\/index.php\/wp-json\/wp\/v2\/pages"}],"about":[{"href":"https:\/\/lacorneilleetlhermine.com\/index.php\/wp-json\/wp\/v2\/types\/page"}],"author":[{"embeddable":true,"href":"https:\/\/lacorneilleetlhermine.com\/index.php\/wp-json\/wp\/v2\/users\/1"}],"replies":[{"embeddable":true,"href":"https:\/\/lacorneilleetlhermine.com\/index.php\/wp-json\/wp\/v2\/comments?post=20"}],"version-history":[{"count":2,"href":"https:\/\/lacorneilleetlhermine.com\/index.php\/wp-json\/wp\/v2\/pages\/20\/revisions"}],"predecessor-version":[{"id":153,"href":"https:\/\/lacorneilleetlhermine.com\/index.php\/wp-json\/wp\/v2\/pages\/20\/revisions\/153"}],"wp:featuredmedia":[{"embeddable":true,"href":"https:\/\/lacorneilleetlhermine.com\/index.php\/wp-json\/wp\/v2\/media\/135"}],"wp:attachment":[{"href":"https:\/\/lacorneilleetlhermine.com\/index.php\/wp-json\/wp\/v2\/media?parent=20"}],"curies":[{"name":"wp","href":"https:\/\/api.w.org\/{rel}","templated":true}]}}