{"id":18,"date":"2021-11-07T17:11:13","date_gmt":"2021-11-07T16:11:13","guid":{"rendered":"https:\/\/corneille.carbone-astucieux.fr\/?page_id=18"},"modified":"2021-11-14T14:42:47","modified_gmt":"2021-11-14T13:42:47","slug":"bien-etre-et-ecoute-intuitive","status":"publish","type":"page","link":"https:\/\/lacorneilleetlhermine.com\/index.php\/bien-etre-et-ecoute-intuitive\/","title":{"rendered":"Bien-\u00eatre et \u00e9coute intuitive"},"content":{"rendered":"\n<p>Nos corps sont de v\u00e9ritables livres ouverts, ils chantent et dansent en permanence, dans le repos ou l&rsquo;action, gardant en m\u00e9moire chaque exp\u00e9rience du senti.<\/p>\n\n\n\n<p>Passionn\u00e9e par cette lecture, le massage est selon moi une opportunit\u00e9 de prendre conscience de son corps, se relaxer, partager des impressions. Une formation dipl\u00f4mante en esth\u00e9tique m\u2019a permis de commencer \u00e0 le pratiquer. Au fil du temps, \u00e0 mesure que mes sensations et ma confiance se sont d\u00e9velopp\u00e9es, mes massages se sont empreints de cette sensibilit\u00e9 qui m\u2019habite, m\u2019invitant \u00e0 l\u00e2cher prise et \u00e0 me laisser guider par mes intuitions. <\/p>\n\n\n\n<p>\u200bLes massages que je pratique ne sont pas \u00e0 but m\u00e9dical ou param\u00e9dical, ni sexuel. Ils repr\u00e9sentent un moment que je vous propose afin de vous d\u00e9tendre, d\u2019\u00e9couter ce qu\u2019il se passe \u00e0 l\u2019int\u00e9rieur de votre corps, d\u2019exprimer vos \u00e9motions.<\/p>\n","protected":false},"excerpt":{"rendered":"<p>Nos corps sont de v\u00e9ritables livres ouverts, ils chantent et dansent en permanence, dans le repos ou l&rsquo;action, gardant en m\u00e9moire chaque exp\u00e9rience du senti. Passionn\u00e9e par cette lecture, le massage est selon moi une opportunit\u00e9 de prendre conscience de son corps, se relaxer, partager des impressions. Une formation dipl\u00f4mante en esth\u00e9tique m\u2019a permis de&hellip;&nbsp;<a href=\"https:\/\/lacorneilleetlhermine.com\/index.php\/bien-etre-et-ecoute-intuitive\/\" class=\"\" rel=\"bookmark\">Lire la suite &raquo;<span class=\"screen-reader-text\">Bien-\u00eatre et \u00e9coute intuitive<\/span><\/a><\/p>\n","protected":false},"author":1,"featured_media":135,"parent":0,"menu_order":0,"comment_status":"closed","ping_status":"closed","template":"","meta":{"neve_meta_sidebar":"default","neve_meta_container":"default","neve_meta_enable_content_width":"off","neve_meta_content_width":70,"neve_meta_title_alignment":"left","neve_meta_author_avatar":"","neve_post_elements_order":"","neve_meta_disable_header":"off","neve_meta_disable_footer":"off","neve_meta_disable_title":"off"},"_links":{"self":[{"href":"https:\/\/lacorneilleetlhermine.com\/index.php\/wp-json\/wp\/v2\/pages\/18"}],"collection":[{"href":"https:\/\/lacorneilleetlhermine.com\/index.php\/wp-json\/wp\/v2\/pages"}],"about":[{"href":"https:\/\/lacorneilleetlhermine.com\/index.php\/wp-json\/wp\/v2\/types\/page"}],"author":[{"embeddable":true,"href":"https:\/\/lacorneilleetlhermine.com\/index.php\/wp-json\/wp\/v2\/users\/1"}],"replies":[{"embeddable":true,"href":"https:\/\/lacorneilleetlhermine.com\/index.php\/wp-json\/wp\/v2\/comments?post=18"}],"version-history":[{"count":1,"href":"https:\/\/lacorneilleetlhermine.com\/index.php\/wp-json\/wp\/v2\/pages\/18\/revisions"}],"predecessor-version":[{"id":19,"href":"https:\/\/lacorneilleetlhermine.com\/index.php\/wp-json\/wp\/v2\/pages\/18\/revisions\/19"}],"wp:featuredmedia":[{"embeddable":true,"href":"https:\/\/lacorneilleetlhermine.com\/index.php\/wp-json\/wp\/v2\/media\/135"}],"wp:attachment":[{"href":"https:\/\/lacorneilleetlhermine.com\/index.php\/wp-json\/wp\/v2\/media?parent=18"}],"curies":[{"name":"wp","href":"https:\/\/api.w.org\/{rel}","templated":true}]}}